{"id":1207,"date":"2025-03-31T19:11:27","date_gmt":"2025-03-31T19:11:27","guid":{"rendered":"https:\/\/lustrerie-goosse.be\/press\/"},"modified":"2025-10-01T10:03:25","modified_gmt":"2025-10-01T10:03:25","slug":"press","status":"publish","type":"page","link":"https:\/\/lustrerie-goosse.be\/en\/press\/","title":{"rendered":"Press"},"content":{"rendered":"\t\t<div data-elementor-type=\"wp-page\" data-elementor-id=\"1207\" class=\"elementor elementor-1207 elementor-327\" data-elementor-post-type=\"page\">\n\t\t\t\t\t\t<section class=\"elementor-section elementor-top-section elementor-element elementor-element-4c2850d elementor-section-boxed elementor-section-height-default elementor-section-height-default\" data-id=\"4c2850d\" data-element_type=\"section\" data-settings=\"{&quot;background_background&quot;:&quot;classic&quot;}\">\n\t\t\t\t\t\t\t<div class=\"elementor-background-overlay\"><\/div>\n\t\t\t\t\t\t\t<div class=\"elementor-container elementor-column-gap-default\">\n\t\t\t\t\t<div class=\"elementor-column elementor-col-100 elementor-top-column elementor-element elementor-element-223a218\" data-id=\"223a218\" data-element_type=\"column\">\n\t\t\t<div class=\"elementor-widget-wrap elementor-element-populated\">\n\t\t\t\t\t\t<div class=\"elementor-element elementor-element-3235dcb elementor-invisible elementor-widget elementor-widget-heading\" data-id=\"3235dcb\" data-element_type=\"widget\" data-settings=\"{&quot;_animation&quot;:&quot;fadeInUp&quot;}\" data-widget_type=\"heading.default\">\n\t\t\t\t<div class=\"elementor-widget-container\">\n\t\t\t<h1 class=\"elementor-heading-title elementor-size-default\">Press<\/h1>\t\t<\/div>\n\t\t\t\t<\/div>\n\t\t\t\t\t<\/div>\n\t\t<\/div>\n\t\t\t\t\t<\/div>\n\t\t<\/section>\n\t\t\t\t<section class=\"elementor-section elementor-top-section elementor-element elementor-element-387a04d elementor-section-boxed elementor-section-height-default elementor-section-height-default\" data-id=\"387a04d\" data-element_type=\"section\" data-settings=\"{&quot;background_background&quot;:&quot;classic&quot;}\">\n\t\t\t\t\t\t<div class=\"elementor-container elementor-column-gap-default\">\n\t\t\t\t\t<div class=\"elementor-column elementor-col-100 elementor-top-column elementor-element elementor-element-d285f45\" data-id=\"d285f45\" data-element_type=\"column\">\n\t\t\t<div class=\"elementor-widget-wrap elementor-element-populated\">\n\t\t\t\t\t\t<div class=\"elementor-element elementor-element-a0212e9 elementor-widget elementor-widget-text-editor\" data-id=\"a0212e9\" data-element_type=\"widget\" data-widget_type=\"text-editor.default\">\n\t\t\t\t<div class=\"elementor-widget-container\">\n\t\t\t\t\t\t\t<p class=\"p1\">For decades, Lustrerie Goosse has drawn the attention of the media. Discover here a selection of articles, features, and publications showcasing our expertise, exceptional restorations, and bespoke creations.<\/p>\n\t\t\t\t\t\t<\/div>\n\t\t\t\t<\/div>\n\t\t\t\t\t<\/div>\n\t\t<\/div>\n\t\t\t\t\t<\/div>\n\t\t<\/section>\n\t\t<div class=\"elementor-element elementor-element-12ddacb e-flex e-con-boxed e-con e-parent\" data-id=\"12ddacb\" data-element_type=\"container\">\n\t\t\t\t\t<div class=\"e-con-inner\">\n\t\t<div class=\"elementor-element elementor-element-4f776db e-con-full e-flex e-con e-child\" data-id=\"4f776db\" data-element_type=\"container\">\n\t\t\t\t<div class=\"elementor-element elementor-element-42b9475 elementor-widget elementor-widget-image\" data-id=\"42b9475\" data-element_type=\"widget\" data-widget_type=\"image.default\">\n\t\t\t\t<div class=\"elementor-widget-container\">\n\t\t\t\t\t\t\t\t\t\t\t\t\t\t<a href=\"https:\/\/www.rtl.be\/page-videos\/visite-de-la-lustrerie-goosse-de-sprimont-fournisseur-de-la-cour\/2025-02-10\/video\/738761\" target=\"_blank\">\n\t\t\t\t\t\t\t<img fetchpriority=\"high\" decoding=\"async\" width=\"800\" height=\"450\" src=\"https:\/\/lustrerie-goosse.be\/wp-content\/uploads\/2025\/06\/Capture-decran-2025-06-11-a-13.47.55-1024x576.png\" class=\"attachment-large size-large wp-image-1177\" alt=\"Journal t\u00e9l\u00e9vis\u00e9 RTL Info pr\u00e9sentant un reportage sur la Lustrerie Goosse\" srcset=\"https:\/\/lustrerie-goosse.be\/wp-content\/uploads\/2025\/06\/Capture-decran-2025-06-11-a-13.47.55-1024x576.png 1024w, https:\/\/lustrerie-goosse.be\/wp-content\/uploads\/2025\/06\/Capture-decran-2025-06-11-a-13.47.55-300x169.png 300w, https:\/\/lustrerie-goosse.be\/wp-content\/uploads\/2025\/06\/Capture-decran-2025-06-11-a-13.47.55-768x432.png 768w, https:\/\/lustrerie-goosse.be\/wp-content\/uploads\/2025\/06\/Capture-decran-2025-06-11-a-13.47.55-1536x864.png 1536w, https:\/\/lustrerie-goosse.be\/wp-content\/uploads\/2025\/06\/Capture-decran-2025-06-11-a-13.47.55.png 1920w\" sizes=\"(max-width: 800px) 100vw, 800px\" \/>\t\t\t\t\t\t\t\t<\/a>\n\t\t\t\t\t\t\t\t\t\t\t\t\t<\/div>\n\t\t\t\t<\/div>\n\t\t\t\t<div class=\"elementor-element elementor-element-2a49312 elementor-widget elementor-widget-text-editor\" data-id=\"2a49312\" data-element_type=\"widget\" data-widget_type=\"text-editor.default\">\n\t\t\t\t<div class=\"elementor-widget-container\">\n\t\t\t\t\t\t\t<p>RTL Info video report covering their visit to our chandelier workshop.<\/p>\n\t\t\t\t\t\t<\/div>\n\t\t\t\t<\/div>\n\t\t\t\t<\/div>\n\t\t<div class=\"elementor-element elementor-element-81394bb e-con-full e-flex e-con e-child\" data-id=\"81394bb\" data-element_type=\"container\">\n\t\t\t\t<div class=\"elementor-element elementor-element-ad1a525 elementor-widget elementor-widget-image\" data-id=\"ad1a525\" data-element_type=\"widget\" data-widget_type=\"image.default\">\n\t\t\t\t<div class=\"elementor-widget-container\">\n\t\t\t\t\t\t\t\t\t\t\t\t\t\t<a href=\"https:\/\/www.telemb.be\/actu\/mons-les-lustres-de-lhotel-de-ville-en-cours-de-restauration\/37341\" target=\"_blank\">\n\t\t\t\t\t\t\t<img decoding=\"async\" width=\"800\" height=\"450\" src=\"https:\/\/lustrerie-goosse.be\/wp-content\/uploads\/2025\/06\/Capture-decran-2025-06-11-a-13.51.04-1024x576.png\" class=\"attachment-large size-large wp-image-1178\" alt=\"Artisane restauratrice travaillant sur un lustre ancien dans l\u2019atelier de la Lustrerie Goosse\" srcset=\"https:\/\/lustrerie-goosse.be\/wp-content\/uploads\/2025\/06\/Capture-decran-2025-06-11-a-13.51.04-1024x576.png 1024w, https:\/\/lustrerie-goosse.be\/wp-content\/uploads\/2025\/06\/Capture-decran-2025-06-11-a-13.51.04-300x169.png 300w, https:\/\/lustrerie-goosse.be\/wp-content\/uploads\/2025\/06\/Capture-decran-2025-06-11-a-13.51.04-768x432.png 768w, https:\/\/lustrerie-goosse.be\/wp-content\/uploads\/2025\/06\/Capture-decran-2025-06-11-a-13.51.04-1536x865.png 1536w, https:\/\/lustrerie-goosse.be\/wp-content\/uploads\/2025\/06\/Capture-decran-2025-06-11-a-13.51.04.png 1798w\" sizes=\"(max-width: 800px) 100vw, 800px\" \/>\t\t\t\t\t\t\t\t<\/a>\n\t\t\t\t\t\t\t\t\t\t\t\t\t<\/div>\n\t\t\t\t<\/div>\n\t\t\t\t<div class=\"elementor-element elementor-element-a552518 elementor-widget elementor-widget-text-editor\" data-id=\"a552518\" data-element_type=\"widget\" data-widget_type=\"text-editor.default\">\n\t\t\t\t<div class=\"elementor-widget-container\">\n\t\t\t\t\t\t\t<p>T\u00e9l\u00e9 MB video feature on the chandeliers of Mons City Hall being restored.<\/p>\n\t\t\t\t\t\t<\/div>\n\t\t\t\t<\/div>\n\t\t\t\t<\/div>\n\t\t<div class=\"elementor-element elementor-element-a62ffad e-con-full e-flex e-con e-child\" data-id=\"a62ffad\" data-element_type=\"container\">\n\t\t\t\t<div class=\"elementor-element elementor-element-55a2ba0 elementor-widget elementor-widget-image\" data-id=\"55a2ba0\" data-element_type=\"widget\" data-widget_type=\"image.default\">\n\t\t\t\t<div class=\"elementor-widget-container\">\n\t\t\t\t\t\t\t\t\t\t\t\t\t\t<a href=\"https:\/\/auvio.rtbf.be\/media\/ca-vaut-vraiment-le-detour-ca-vaut-vraiment-le-detour-votre-podcast-bonne-humeur-jeu-et-patrimoine-sur-la1ere-3302608\" target=\"_blank\">\n\t\t\t\t\t\t\t<img decoding=\"async\" width=\"800\" height=\"450\" src=\"https:\/\/lustrerie-goosse.be\/wp-content\/uploads\/2025\/06\/podcast-1024x576.webp\" class=\"attachment-large size-large wp-image-1179\" alt=\"Logo de podcast utilis\u00e9 dans la rubrique presse de la Lustrerie Goosse\" srcset=\"https:\/\/lustrerie-goosse.be\/wp-content\/uploads\/2025\/06\/podcast-1024x576.webp 1024w, https:\/\/lustrerie-goosse.be\/wp-content\/uploads\/2025\/06\/podcast-300x169.webp 300w, https:\/\/lustrerie-goosse.be\/wp-content\/uploads\/2025\/06\/podcast-768x432.webp 768w, https:\/\/lustrerie-goosse.be\/wp-content\/uploads\/2025\/06\/podcast-1536x864.webp 1536w, https:\/\/lustrerie-goosse.be\/wp-content\/uploads\/2025\/06\/podcast.webp 1920w\" sizes=\"(max-width: 800px) 100vw, 800px\" \/>\t\t\t\t\t\t\t\t<\/a>\n\t\t\t\t\t\t\t\t\t\t\t\t\t<\/div>\n\t\t\t\t<\/div>\n\t\t\t\t<div class=\"elementor-element elementor-element-e432983 elementor-widget elementor-widget-text-editor\" data-id=\"e432983\" data-element_type=\"widget\" data-widget_type=\"text-editor.default\">\n\t\t\t\t<div class=\"elementor-widget-container\">\n\t\t\t\t\t\t\t<p>Laurent Brogneaux, featured on the podcast of \u2018\u00c7a vaut vraiment le D\u00e9tour!\u2019, broadcast on La Premi\u00e8re (Culture)<\/p>\n\t\t\t\t\t\t<\/div>\n\t\t\t\t<\/div>\n\t\t\t\t<\/div>\n\t\t<div class=\"elementor-element elementor-element-5c38f0f e-con-full e-flex e-con e-child\" data-id=\"5c38f0f\" data-element_type=\"container\">\n\t\t\t\t<div class=\"elementor-element elementor-element-5953c95 elementor-widget elementor-widget-image\" data-id=\"5953c95\" data-element_type=\"widget\" data-widget_type=\"image.default\">\n\t\t\t\t<div class=\"elementor-widget-container\">\n\t\t\t\t\t\t\t\t\t\t\t\t\t\t<a href=\"https:\/\/www.lavenir.net\/regions\/huy-waremme\/2024\/12\/19\/la-lustrerie-goose-de-sprimont-illumine-le-luxueux-palace-astoria-a-bruxelles-SDIDSASUNNBGNFYJ3TGAVNWUXY\/\" target=\"_blank\">\n\t\t\t\t\t\t\t<img loading=\"lazy\" decoding=\"async\" width=\"800\" height=\"450\" src=\"https:\/\/lustrerie-goosse.be\/wp-content\/uploads\/2025\/06\/logo_lavenir-1024x576.webp\" class=\"attachment-large size-large wp-image-1180\" alt=\"Logo du journal L\u2019Avenir, partenaire m\u00e9diatique de la Lustrerie Goosse\" srcset=\"https:\/\/lustrerie-goosse.be\/wp-content\/uploads\/2025\/06\/logo_lavenir-1024x576.webp 1024w, https:\/\/lustrerie-goosse.be\/wp-content\/uploads\/2025\/06\/logo_lavenir-300x169.webp 300w, https:\/\/lustrerie-goosse.be\/wp-content\/uploads\/2025\/06\/logo_lavenir-768x432.webp 768w, https:\/\/lustrerie-goosse.be\/wp-content\/uploads\/2025\/06\/logo_lavenir-1536x864.webp 1536w, https:\/\/lustrerie-goosse.be\/wp-content\/uploads\/2025\/06\/logo_lavenir.webp 1920w\" sizes=\"(max-width: 800px) 100vw, 800px\" \/>\t\t\t\t\t\t\t\t<\/a>\n\t\t\t\t\t\t\t\t\t\t\t\t\t<\/div>\n\t\t\t\t<\/div>\n\t\t\t\t<div class=\"elementor-element elementor-element-52d670b elementor-widget elementor-widget-text-editor\" data-id=\"52d670b\" data-element_type=\"widget\" data-widget_type=\"text-editor.default\">\n\t\t\t\t<div class=\"elementor-widget-container\">\n\t\t\t\t\t\t\t<p>Article published on the website of L\u2019Avenir covering the restoration work at the luxurious Astoria Palace in Brussels.<\/p>\n\t\t\t\t\t\t<\/div>\n\t\t\t\t<\/div>\n\t\t\t\t<\/div>\n\t\t<div class=\"elementor-element elementor-element-d9764e4 e-con-full e-flex e-con e-child\" data-id=\"d9764e4\" data-element_type=\"container\">\n\t\t\t\t<div class=\"elementor-element elementor-element-4992c3a elementor-widget elementor-widget-image\" data-id=\"4992c3a\" data-element_type=\"widget\" data-widget_type=\"image.default\">\n\t\t\t\t<div class=\"elementor-widget-container\">\n\t\t\t\t\t\t\t\t\t\t\t\t\t\t<a href=\"https:\/\/www.qu4tre.be\/infos\/lustrerie-de-classe-royale-sprimont\/2007012?fbclid=IwY2xjawJSRZlleHRuA2FlbQIxMQABHdA3AS_LzbSqHbNuSr1b7MSQyqXt82EH9yhNiFb94shXc9pXTALSybyZ9g_aem_YfIFNrLGeHpXY-y52CSPHA\" target=\"_blank\">\n\t\t\t\t\t\t\t<img loading=\"lazy\" decoding=\"async\" width=\"800\" height=\"450\" src=\"https:\/\/lustrerie-goosse.be\/wp-content\/uploads\/2025\/06\/reportage_qu4tre-1024x576.webp\" class=\"attachment-large size-large wp-image-1181\" alt=\"Lustre monumental en cristal restaur\u00e9 par la Lustrerie Goosse pour un reportage Q4tre\" srcset=\"https:\/\/lustrerie-goosse.be\/wp-content\/uploads\/2025\/06\/reportage_qu4tre-1024x576.webp 1024w, https:\/\/lustrerie-goosse.be\/wp-content\/uploads\/2025\/06\/reportage_qu4tre-300x169.webp 300w, https:\/\/lustrerie-goosse.be\/wp-content\/uploads\/2025\/06\/reportage_qu4tre-768x432.webp 768w, https:\/\/lustrerie-goosse.be\/wp-content\/uploads\/2025\/06\/reportage_qu4tre-1536x864.webp 1536w, https:\/\/lustrerie-goosse.be\/wp-content\/uploads\/2025\/06\/reportage_qu4tre.webp 1920w\" sizes=\"(max-width: 800px) 100vw, 800px\" \/>\t\t\t\t\t\t\t\t<\/a>\n\t\t\t\t\t\t\t\t\t\t\t\t\t<\/div>\n\t\t\t\t<\/div>\n\t\t\t\t<div class=\"elementor-element elementor-element-533e169 elementor-widget elementor-widget-text-editor\" data-id=\"533e169\" data-element_type=\"widget\" data-widget_type=\"text-editor.default\">\n\t\t\t\t<div class=\"elementor-widget-container\">\n\t\t\t\t\t\t\t<p>QU4TRE Li\u00e8ge Media video feature on the Astoria Palace in Brussels.<\/p>\n\t\t\t\t\t\t<\/div>\n\t\t\t\t<\/div>\n\t\t\t\t<\/div>\n\t\t\t\t\t<\/div>\n\t\t\t\t<\/div>\n\t\t\t\t<\/div>\n\t\t","protected":false},"excerpt":{"rendered":"<p>Press For decades, Lustrerie Goosse has drawn the attention of the media. Discover here a selection of articles, features, and publications showcasing our expertise, exceptional restorations, and bespoke creations. RTL Info video report covering their visit to our chandelier workshop. T\u00e9l\u00e9 MB video feature on the chandeliers of Mons City Hall being restored. Laurent Brogneaux, [&hellip;]<\/p>\n","protected":false},"author":1,"featured_media":0,"parent":0,"menu_order":0,"comment_status":"closed","ping_status":"closed","template":"elementor_header_footer","meta":{"_acf_changed":false,"footnotes":""},"class_list":["post-1207","page","type-page","status-publish","hentry"],"acf":[],"yoast_head":"<!-- This site is optimized with the Yoast SEO Premium plugin v25.7.1 (Yoast SEO v25.7) - https:\/\/yoast.com\/wordpress\/plugins\/seo\/ -->\n<title>Press \u2013 Lustrerie Goosse | Features and Articles<\/title>\n<meta name=\"description\" content=\"RTL, RTBF, La Premi\u00e8re \u2026 Discover how the media portray the history and craftsmanship of Lustrerie Goosse. Explore our features.\" \/>\n<meta name=\"robots\" content=\"index, follow, max-snippet:-1, max-image-preview:large, max-video-preview:-1\" \/>\n<link rel=\"canonical\" href=\"https:\/\/lustrerie-goosse.be\/en\/press\/\" \/>\n<meta property=\"og:locale\" content=\"en_US\" \/>\n<meta property=\"og:type\" content=\"article\" \/>\n<meta property=\"og:title\" content=\"Press\" \/>\n<meta property=\"og:description\" content=\"RTL, RTBF, La Premi\u00e8re \u2026 Discover how the media portray the history and craftsmanship of Lustrerie Goosse. Explore our features.\" \/>\n<meta property=\"og:url\" content=\"https:\/\/lustrerie-goosse.be\/en\/press\/\" \/>\n<meta property=\"og:site_name\" content=\"Goosse\" \/>\n<meta property=\"article:publisher\" content=\"https:\/\/www.facebook.com\/p\/Lustrerie-Goosse-100067681175077\/\" \/>\n<meta property=\"article:modified_time\" content=\"2025-10-01T10:03:25+00:00\" \/>\n<meta property=\"og:image\" content=\"https:\/\/lustrerie-goosse.be\/wp-content\/uploads\/2025\/06\/Capture-decran-2025-06-11-a-13.47.55.png\" \/>\n\t<meta property=\"og:image:width\" content=\"1920\" \/>\n\t<meta property=\"og:image:height\" content=\"1080\" \/>\n\t<meta property=\"og:image:type\" content=\"image\/png\" \/>\n<meta name=\"twitter:card\" content=\"summary_large_image\" \/>\n<meta name=\"twitter:label1\" content=\"Est. reading time\" \/>\n\t<meta name=\"twitter:data1\" content=\"1 minute\" \/>\n<script type=\"application\/ld+json\" class=\"yoast-schema-graph\">{\"@context\":\"https:\/\/schema.org\",\"@graph\":[{\"@type\":\"WebPage\",\"@id\":\"https:\/\/lustrerie-goosse.be\/en\/press\/\",\"url\":\"https:\/\/lustrerie-goosse.be\/en\/press\/\",\"name\":\"Press \u2013 Lustrerie Goosse | Features and Articles\",\"isPartOf\":{\"@id\":\"https:\/\/lustrerie-goosse.be\/en\/#website\"},\"primaryImageOfPage\":{\"@id\":\"https:\/\/lustrerie-goosse.be\/en\/press\/#primaryimage\"},\"image\":{\"@id\":\"https:\/\/lustrerie-goosse.be\/en\/press\/#primaryimage\"},\"thumbnailUrl\":\"https:\/\/lustrerie-goosse.be\/wp-content\/uploads\/2025\/06\/Capture-decran-2025-06-11-a-13.47.55-1024x576.png\",\"datePublished\":\"2025-03-31T19:11:27+00:00\",\"dateModified\":\"2025-10-01T10:03:25+00:00\",\"description\":\"RTL, RTBF, La Premi\u00e8re \u2026 Discover how the media portray the history and craftsmanship of Lustrerie Goosse. Explore our features.\",\"breadcrumb\":{\"@id\":\"https:\/\/lustrerie-goosse.be\/en\/press\/#breadcrumb\"},\"inLanguage\":\"en-US\",\"potentialAction\":[{\"@type\":\"ReadAction\",\"target\":[\"https:\/\/lustrerie-goosse.be\/en\/press\/\"]}]},{\"@type\":\"ImageObject\",\"inLanguage\":\"en-US\",\"@id\":\"https:\/\/lustrerie-goosse.be\/en\/press\/#primaryimage\",\"url\":\"https:\/\/lustrerie-goosse.be\/wp-content\/uploads\/2025\/06\/Capture-decran-2025-06-11-a-13.47.55-1024x576.png\",\"contentUrl\":\"https:\/\/lustrerie-goosse.be\/wp-content\/uploads\/2025\/06\/Capture-decran-2025-06-11-a-13.47.55-1024x576.png\"},{\"@type\":\"BreadcrumbList\",\"@id\":\"https:\/\/lustrerie-goosse.be\/en\/press\/#breadcrumb\",\"itemListElement\":[{\"@type\":\"ListItem\",\"position\":1,\"name\":\"Accueil\",\"item\":\"https:\/\/lustrerie-goosse.be\/en\/\"},{\"@type\":\"ListItem\",\"position\":2,\"name\":\"Press\"}]},{\"@type\":\"WebSite\",\"@id\":\"https:\/\/lustrerie-goosse.be\/en\/#website\",\"url\":\"https:\/\/lustrerie-goosse.be\/en\/\",\"name\":\"Lustrerie Goosse\",\"description\":\"\",\"publisher\":{\"@id\":\"https:\/\/lustrerie-goosse.be\/en\/#organization\"},\"potentialAction\":[{\"@type\":\"SearchAction\",\"target\":{\"@type\":\"EntryPoint\",\"urlTemplate\":\"https:\/\/lustrerie-goosse.be\/en\/?s={search_term_string}\"},\"query-input\":{\"@type\":\"PropertyValueSpecification\",\"valueRequired\":true,\"valueName\":\"search_term_string\"}}],\"inLanguage\":\"en-US\"},{\"@type\":\"Organization\",\"@id\":\"https:\/\/lustrerie-goosse.be\/en\/#organization\",\"name\":\"Goosse\",\"url\":\"https:\/\/lustrerie-goosse.be\/en\/\",\"logo\":{\"@type\":\"ImageObject\",\"inLanguage\":\"en-US\",\"@id\":\"https:\/\/lustrerie-goosse.be\/en\/#\/schema\/logo\/image\/\",\"url\":\"https:\/\/lustrerie-goosse.be\/wp-content\/uploads\/2025\/09\/EXP201600819_001_20170310112115-4981.jpg\",\"contentUrl\":\"https:\/\/lustrerie-goosse.be\/wp-content\/uploads\/2025\/09\/EXP201600819_001_20170310112115-4981.jpg\",\"width\":600,\"height\":600,\"caption\":\"Goosse\"},\"image\":{\"@id\":\"https:\/\/lustrerie-goosse.be\/en\/#\/schema\/logo\/image\/\"},\"sameAs\":[\"https:\/\/www.facebook.com\/p\/Lustrerie-Goosse-100067681175077\/\",\"https:\/\/www.instagram.com\/lustrerie_goosse\/\"]}]}<\/script>\n<!-- \/ Yoast SEO Premium plugin. -->","yoast_head_json":{"title":"Press \u2013 Lustrerie Goosse | Features and Articles","description":"RTL, RTBF, La Premi\u00e8re \u2026 Discover how the media portray the history and craftsmanship of Lustrerie Goosse. Explore our features.","robots":{"index":"index","follow":"follow","max-snippet":"max-snippet:-1","max-image-preview":"max-image-preview:large","max-video-preview":"max-video-preview:-1"},"canonical":"https:\/\/lustrerie-goosse.be\/en\/press\/","og_locale":"en_US","og_type":"article","og_title":"Press","og_description":"RTL, RTBF, La Premi\u00e8re \u2026 Discover how the media portray the history and craftsmanship of Lustrerie Goosse. Explore our features.","og_url":"https:\/\/lustrerie-goosse.be\/en\/press\/","og_site_name":"Goosse","article_publisher":"https:\/\/www.facebook.com\/p\/Lustrerie-Goosse-100067681175077\/","article_modified_time":"2025-10-01T10:03:25+00:00","og_image":[{"width":1920,"height":1080,"url":"https:\/\/lustrerie-goosse.be\/wp-content\/uploads\/2025\/06\/Capture-decran-2025-06-11-a-13.47.55.png","type":"image\/png"}],"twitter_card":"summary_large_image","twitter_misc":{"Est. reading time":"1 minute"},"schema":{"@context":"https:\/\/schema.org","@graph":[{"@type":"WebPage","@id":"https:\/\/lustrerie-goosse.be\/en\/press\/","url":"https:\/\/lustrerie-goosse.be\/en\/press\/","name":"Press \u2013 Lustrerie Goosse | Features and Articles","isPartOf":{"@id":"https:\/\/lustrerie-goosse.be\/en\/#website"},"primaryImageOfPage":{"@id":"https:\/\/lustrerie-goosse.be\/en\/press\/#primaryimage"},"image":{"@id":"https:\/\/lustrerie-goosse.be\/en\/press\/#primaryimage"},"thumbnailUrl":"https:\/\/lustrerie-goosse.be\/wp-content\/uploads\/2025\/06\/Capture-decran-2025-06-11-a-13.47.55-1024x576.png","datePublished":"2025-03-31T19:11:27+00:00","dateModified":"2025-10-01T10:03:25+00:00","description":"RTL, RTBF, La Premi\u00e8re \u2026 Discover how the media portray the history and craftsmanship of Lustrerie Goosse. Explore our features.","breadcrumb":{"@id":"https:\/\/lustrerie-goosse.be\/en\/press\/#breadcrumb"},"inLanguage":"en-US","potentialAction":[{"@type":"ReadAction","target":["https:\/\/lustrerie-goosse.be\/en\/press\/"]}]},{"@type":"ImageObject","inLanguage":"en-US","@id":"https:\/\/lustrerie-goosse.be\/en\/press\/#primaryimage","url":"https:\/\/lustrerie-goosse.be\/wp-content\/uploads\/2025\/06\/Capture-decran-2025-06-11-a-13.47.55-1024x576.png","contentUrl":"https:\/\/lustrerie-goosse.be\/wp-content\/uploads\/2025\/06\/Capture-decran-2025-06-11-a-13.47.55-1024x576.png"},{"@type":"BreadcrumbList","@id":"https:\/\/lustrerie-goosse.be\/en\/press\/#breadcrumb","itemListElement":[{"@type":"ListItem","position":1,"name":"Accueil","item":"https:\/\/lustrerie-goosse.be\/en\/"},{"@type":"ListItem","position":2,"name":"Press"}]},{"@type":"WebSite","@id":"https:\/\/lustrerie-goosse.be\/en\/#website","url":"https:\/\/lustrerie-goosse.be\/en\/","name":"Lustrerie Goosse","description":"","publisher":{"@id":"https:\/\/lustrerie-goosse.be\/en\/#organization"},"potentialAction":[{"@type":"SearchAction","target":{"@type":"EntryPoint","urlTemplate":"https:\/\/lustrerie-goosse.be\/en\/?s={search_term_string}"},"query-input":{"@type":"PropertyValueSpecification","valueRequired":true,"valueName":"search_term_string"}}],"inLanguage":"en-US"},{"@type":"Organization","@id":"https:\/\/lustrerie-goosse.be\/en\/#organization","name":"Goosse","url":"https:\/\/lustrerie-goosse.be\/en\/","logo":{"@type":"ImageObject","inLanguage":"en-US","@id":"https:\/\/lustrerie-goosse.be\/en\/#\/schema\/logo\/image\/","url":"https:\/\/lustrerie-goosse.be\/wp-content\/uploads\/2025\/09\/EXP201600819_001_20170310112115-4981.jpg","contentUrl":"https:\/\/lustrerie-goosse.be\/wp-content\/uploads\/2025\/09\/EXP201600819_001_20170310112115-4981.jpg","width":600,"height":600,"caption":"Goosse"},"image":{"@id":"https:\/\/lustrerie-goosse.be\/en\/#\/schema\/logo\/image\/"},"sameAs":["https:\/\/www.facebook.com\/p\/Lustrerie-Goosse-100067681175077\/","https:\/\/www.instagram.com\/lustrerie_goosse\/"]}]}},"_links":{"self":[{"href":"https:\/\/lustrerie-goosse.be\/en\/wp-json\/wp\/v2\/pages\/1207","targetHints":{"allow":["GET"]}}],"collection":[{"href":"https:\/\/lustrerie-goosse.be\/en\/wp-json\/wp\/v2\/pages"}],"about":[{"href":"https:\/\/lustrerie-goosse.be\/en\/wp-json\/wp\/v2\/types\/page"}],"author":[{"embeddable":true,"href":"https:\/\/lustrerie-goosse.be\/en\/wp-json\/wp\/v2\/users\/1"}],"replies":[{"embeddable":true,"href":"https:\/\/lustrerie-goosse.be\/en\/wp-json\/wp\/v2\/comments?post=1207"}],"version-history":[{"count":1,"href":"https:\/\/lustrerie-goosse.be\/en\/wp-json\/wp\/v2\/pages\/1207\/revisions"}],"predecessor-version":[{"id":1210,"href":"https:\/\/lustrerie-goosse.be\/en\/wp-json\/wp\/v2\/pages\/1207\/revisions\/1210"}],"wp:attachment":[{"href":"https:\/\/lustrerie-goosse.be\/en\/wp-json\/wp\/v2\/media?parent=1207"}],"curies":[{"name":"wp","href":"https:\/\/api.w.org\/{rel}","templated":true}]}}